{"id":1553,"date":"2021-10-24T09:46:10","date_gmt":"2021-10-24T07:46:10","guid":{"rendered":"http:\/\/verwaltung.uniresta.com\/?page_id=1553"},"modified":"2021-12-07T11:38:49","modified_gmt":"2021-12-07T10:38:49","slug":"management","status":"publish","type":"page","link":"http:\/\/verwaltung.uniresta.com\/de\/","title":{"rendered":"Verwaltung"},"content":{"rendered":"<div data-elementor-type=\"wp-page\" data-elementor-id=\"1553\" class=\"elementor elementor-1553\">\n\t\t\t\t\t\t\t\t\t<section class=\"elementor-section elementor-top-section elementor-element elementor-element-759d524 elementor-section-full_width elementor-section-height-default elementor-section-height-default\" data-id=\"759d524\" data-element_type=\"section\">\n\t\t\t\t\t\t<div class=\"elementor-container elementor-column-gap-default\">\n\t\t\t\t\t<div class=\"elementor-column elementor-col-50 elementor-top-column elementor-element elementor-element-590fd04\" data-id=\"590fd04\" data-element_type=\"column\" data-settings=\"{&quot;background_background&quot;:&quot;classic&quot;}\">\n\t\t\t<div class=\"elementor-widget-wrap elementor-element-populated\">\n\t\t\t\t\t<div class=\"elementor-background-overlay\"><\/div>\n\t\t\t\t\t\t\t\t<div class=\"elementor-element elementor-element-cefef3c elementor-widget elementor-widget-spacer\" data-id=\"cefef3c\" data-element_type=\"widget\" data-widget_type=\"spacer.default\">\n\t\t\t\t<div class=\"elementor-widget-container\">\n\t\t\t<style>\/*! elementor - v3.16.0 - 14-09-2023 *\/\n.elementor-column .elementor-spacer-inner{height:var(--spacer-size)}.e-con{--container-widget-width:100%}.e-con-inner>.elementor-widget-spacer,.e-con>.elementor-widget-spacer{width:var(--container-widget-width,var(--spacer-size));--align-self:var(--container-widget-align-self,initial);--flex-shrink:0}.e-con-inner>.elementor-widget-spacer>.elementor-widget-container,.e-con>.elementor-widget-spacer>.elementor-widget-container{height:100%;width:100%}.e-con-inner>.elementor-widget-spacer>.elementor-widget-container>.elementor-spacer,.e-con>.elementor-widget-spacer>.elementor-widget-container>.elementor-spacer{height:100%}.e-con-inner>.elementor-widget-spacer>.elementor-widget-container>.elementor-spacer>.elementor-spacer-inner,.e-con>.elementor-widget-spacer>.elementor-widget-container>.elementor-spacer>.elementor-spacer-inner{height:var(--container-widget-height,var(--spacer-size))}.e-con-inner>.elementor-widget-spacer.elementor-widget-empty,.e-con>.elementor-widget-spacer.elementor-widget-empty{position:relative;min-height:22px;min-width:22px}.e-con-inner>.elementor-widget-spacer.elementor-widget-empty .elementor-widget-empty-icon,.e-con>.elementor-widget-spacer.elementor-widget-empty .elementor-widget-empty-icon{position:absolute;top:0;bottom:0;left:0;right:0;margin:auto;padding:0;width:22px;height:22px}<\/style>\t\t<div class=\"elementor-spacer\">\n\t\t\t<div class=\"elementor-spacer-inner\"><\/div>\n\t\t<\/div>\n\t\t\t\t<\/div>\n\t\t\t\t<\/div>\n\t\t\t\t\t<\/div>\n\t\t<\/div>\n\t\t\t\t<div class=\"elementor-column elementor-col-50 elementor-top-column elementor-element elementor-element-de8de29\" data-id=\"de8de29\" data-element_type=\"column\" data-settings=\"{&quot;background_background&quot;:&quot;classic&quot;}\">\n\t\t\t<div class=\"elementor-widget-wrap elementor-element-populated\">\n\t\t\t\t\t\t\t\t<div class=\"elementor-element elementor-element-9bf6135 elementor-invisible elementor-widget elementor-widget-heading\" data-id=\"9bf6135\" data-element_type=\"widget\" data-settings=\"{&quot;_animation&quot;:&quot;fadeInUp&quot;}\" data-widget_type=\"heading.default\">\n\t\t\t\t<div class=\"elementor-widget-container\">\n\t\t\t<style>\/*! elementor - v3.16.0 - 14-09-2023 *\/\n.elementor-heading-title{padding:0;margin:0;line-height:1}.elementor-widget-heading .elementor-heading-title[class*=elementor-size-]>a{color:inherit;font-size:inherit;line-height:inherit}.elementor-widget-heading .elementor-heading-title.elementor-size-small{font-size:15px}.elementor-widget-heading .elementor-heading-title.elementor-size-medium{font-size:19px}.elementor-widget-heading .elementor-heading-title.elementor-size-large{font-size:29px}.elementor-widget-heading .elementor-heading-title.elementor-size-xl{font-size:39px}.elementor-widget-heading .elementor-heading-title.elementor-size-xxl{font-size:59px}<\/style><h2 class=\"elementor-heading-title elementor-size-default\"><span style=\"font-weight: normal;\">VERWALTUNG<\/span><\/h2>\t\t<\/div>\n\t\t\t\t<\/div>\n\t\t\t\t\t<\/div>\n\t\t<\/div>\n\t\t\t\t\t\t\t<\/div>\n\t\t<\/section>\n\t\t\t\t<section class=\"elementor-section elementor-top-section elementor-element elementor-element-bb50078 elementor-section-boxed elementor-section-height-default elementor-section-height-default\" data-id=\"bb50078\" data-element_type=\"section\">\n\t\t\t\t\t\t<div class=\"elementor-container elementor-column-gap-default\">\n\t\t\t\t\t<div class=\"elementor-column elementor-col-100 elementor-top-column elementor-element elementor-element-f5b43db\" data-id=\"f5b43db\" data-element_type=\"column\">\n\t\t\t<div class=\"elementor-widget-wrap elementor-element-populated\">\n\t\t\t\t\t\t\t\t<div class=\"elementor-element elementor-element-a699d5d elementor-invisible elementor-widget elementor-widget-heading\" data-id=\"a699d5d\" data-element_type=\"widget\" data-settings=\"{&quot;_animation&quot;:&quot;fadeInUp&quot;}\" data-widget_type=\"heading.default\">\n\t\t\t\t<div class=\"elementor-widget-container\">\n\t\t\t<h2 class=\"elementor-heading-title elementor-size-default\">Verwaltung<\/h2>\t\t<\/div>\n\t\t\t\t<\/div>\n\t\t\t\t<div class=\"elementor-element elementor-element-6f291c7 elementor-widget-divider--view-line elementor-widget elementor-widget-divider\" data-id=\"6f291c7\" data-element_type=\"widget\" data-widget_type=\"divider.default\">\n\t\t\t\t<div class=\"elementor-widget-container\">\n\t\t\t<style>\/*! elementor - v3.16.0 - 14-09-2023 *\/\n.elementor-widget-divider{--divider-border-style:none;--divider-border-width:1px;--divider-color:#0c0d0e;--divider-icon-size:20px;--divider-element-spacing:10px;--divider-pattern-height:24px;--divider-pattern-size:20px;--divider-pattern-url:none;--divider-pattern-repeat:repeat-x}.elementor-widget-divider .elementor-divider{display:flex}.elementor-widget-divider .elementor-divider__text{font-size:15px;line-height:1;max-width:95%}.elementor-widget-divider .elementor-divider__element{margin:0 var(--divider-element-spacing);flex-shrink:0}.elementor-widget-divider .elementor-icon{font-size:var(--divider-icon-size)}.elementor-widget-divider .elementor-divider-separator{display:flex;margin:0;direction:ltr}.elementor-widget-divider--view-line_icon .elementor-divider-separator,.elementor-widget-divider--view-line_text .elementor-divider-separator{align-items:center}.elementor-widget-divider--view-line_icon .elementor-divider-separator:after,.elementor-widget-divider--view-line_icon .elementor-divider-separator:before,.elementor-widget-divider--view-line_text .elementor-divider-separator:after,.elementor-widget-divider--view-line_text .elementor-divider-separator:before{display:block;content:\"\";border-bottom:0;flex-grow:1;border-top:var(--divider-border-width) var(--divider-border-style) var(--divider-color)}.elementor-widget-divider--element-align-left .elementor-divider .elementor-divider-separator>.elementor-divider__svg:first-of-type{flex-grow:0;flex-shrink:100}.elementor-widget-divider--element-align-left .elementor-divider-separator:before{content:none}.elementor-widget-divider--element-align-left .elementor-divider__element{margin-left:0}.elementor-widget-divider--element-align-right .elementor-divider .elementor-divider-separator>.elementor-divider__svg:last-of-type{flex-grow:0;flex-shrink:100}.elementor-widget-divider--element-align-right .elementor-divider-separator:after{content:none}.elementor-widget-divider--element-align-right .elementor-divider__element{margin-right:0}.elementor-widget-divider:not(.elementor-widget-divider--view-line_text):not(.elementor-widget-divider--view-line_icon) .elementor-divider-separator{border-top:var(--divider-border-width) var(--divider-border-style) var(--divider-color)}.elementor-widget-divider--separator-type-pattern{--divider-border-style:none}.elementor-widget-divider--separator-type-pattern.elementor-widget-divider--view-line .elementor-divider-separator,.elementor-widget-divider--separator-type-pattern:not(.elementor-widget-divider--view-line) .elementor-divider-separator:after,.elementor-widget-divider--separator-type-pattern:not(.elementor-widget-divider--view-line) .elementor-divider-separator:before,.elementor-widget-divider--separator-type-pattern:not([class*=elementor-widget-divider--view]) .elementor-divider-separator{width:100%;min-height:var(--divider-pattern-height);-webkit-mask-size:var(--divider-pattern-size) 100%;mask-size:var(--divider-pattern-size) 100%;-webkit-mask-repeat:var(--divider-pattern-repeat);mask-repeat:var(--divider-pattern-repeat);background-color:var(--divider-color);-webkit-mask-image:var(--divider-pattern-url);mask-image:var(--divider-pattern-url)}.elementor-widget-divider--no-spacing{--divider-pattern-size:auto}.elementor-widget-divider--bg-round{--divider-pattern-repeat:round}.rtl .elementor-widget-divider .elementor-divider__text{direction:rtl}.e-con-inner>.elementor-widget-divider,.e-con>.elementor-widget-divider{width:var(--container-widget-width,100%);--flex-grow:var(--container-widget-flex-grow)}<\/style>\t\t<div class=\"elementor-divider\">\n\t\t\t<span class=\"elementor-divider-separator\">\n\t\t\t\t\t\t<\/span>\n\t\t<\/div>\n\t\t\t\t<\/div>\n\t\t\t\t<\/div>\n\t\t\t\t<div class=\"elementor-element elementor-element-1d59de4 elementor-invisible elementor-widget elementor-widget-text-editor\" data-id=\"1d59de4\" data-element_type=\"widget\" data-settings=\"{&quot;_animation&quot;:&quot;fadeIn&quot;}\" data-widget_type=\"text-editor.default\">\n\t\t\t\t<div class=\"elementor-widget-container\">\n\t\t\t<style>\/*! elementor - v3.16.0 - 14-09-2023 *\/\n.elementor-widget-text-editor.elementor-drop-cap-view-stacked .elementor-drop-cap{background-color:#69727d;color:#fff}.elementor-widget-text-editor.elementor-drop-cap-view-framed .elementor-drop-cap{color:#69727d;border:3px solid;background-color:transparent}.elementor-widget-text-editor:not(.elementor-drop-cap-view-default) .elementor-drop-cap{margin-top:8px}.elementor-widget-text-editor:not(.elementor-drop-cap-view-default) .elementor-drop-cap-letter{width:1em;height:1em}.elementor-widget-text-editor .elementor-drop-cap{float:left;text-align:center;line-height:1;font-size:50px}.elementor-widget-text-editor .elementor-drop-cap-letter{display:inline-block}<\/style>\t\t\t\t<div class=\"elementor-element elementor-element-4be63cc elementor-widget elementor-widget-text-editor animated fadeIn\" data-id=\"4be63cc\" data-element_type=\"widget\" data-settings=\"{\" data-widget_type=\"text-editor.default\"><div class=\"elementor-widget-container\"><p>The Uniresta GmbH ist ein in Frankfurt ans\u00e4ssiges Investment-, Asset- und Property Managementunternehmen mit Fokus auf Wohn-, Hotel und B\u00fcroimmobilien in ganz Deutschland.<\/p><p>Als Full-Service Manager ist es unser Anspruch unser Portfolio bestm\u00f6glich zu verwalten und durch stetige Optimierung des Mieterbesatzes sowie durch kontinuierliche Instandhaltungsma\u00dfnahmen den Wert der Immobilie zu erhalten und bestenfalls nachhaltig zu steigern.<\/p><p>Angefangen als reiner Wohninvestor hat sich die Uniresta GmbH zu einem diversifizierten Investor entwickelt, der in alle Anlageklassen und Risikospektren investiert und heute ein breit gef\u00e4chertes Portfolio aus Wohnen, B\u00fcro, Gastronomie und Hotels verwaltet.<\/p><p>Sollten Sie auf der Suche nach einer Wohnung, Gewerbefl\u00e4che oder einem Parkplatz sein, kontaktieren Sie uns gerne.<\/p><\/div><\/div>\t\t\t\t\t\t<\/div>\n\t\t\t\t<\/div>\n\t\t\t\t<div class=\"elementor-element elementor-element-0d26ce2 elementor-mobile-align-justify elementor-widget elementor-widget-button\" data-id=\"0d26ce2\" data-element_type=\"widget\" data-widget_type=\"button.default\">\n\t\t\t\t<div class=\"elementor-widget-container\">\n\t\t\t\t\t<div class=\"elementor-button-wrapper\">\n\t\t\t<a class=\"elementor-button elementor-button-link elementor-size-sm\" href=\"http:\/\/verwaltung.uniresta.com\/de\/contact\/\">\n\t\t\t\t\t\t<span class=\"elementor-button-content-wrapper\">\n\t\t\t\t\t\t<span class=\"elementor-button-text\">Kontakt aufnehmen<\/span>\n\t\t<\/span>\n\t\t\t\t\t<\/a>\n\t\t<\/div>\n\t\t\t\t<\/div>\n\t\t\t\t<\/div>\n\t\t\t\t<div class=\"elementor-element elementor-element-93ec87e elementor-invisible elementor-widget elementor-widget-text-editor\" data-id=\"93ec87e\" data-element_type=\"widget\" data-settings=\"{&quot;_animation&quot;:&quot;fadeIn&quot;}\" data-widget_type=\"text-editor.default\">\n\t\t\t\t<div class=\"elementor-widget-container\">\n\t\t\t\t\t\t\t<p>\u00a0<\/p><p>\u00a0<\/p>\t\t\t\t\t\t<\/div>\n\t\t\t\t<\/div>\n\t\t\t\t\t<\/div>\n\t\t<\/div>\n\t\t\t\t\t\t\t<\/div>\n\t\t<\/section>\n\t\t\t\t\t\t\t<\/div>","protected":false},"excerpt":{"rendered":"<p>MANAGEMENT Management The Uniresta GmbH is a Frankfurt-based investment, asset and property management company with a focus on residential, hotel and office properties throughout Germany. As a full-service manager, it is our goal to manage our portfolio in the best possible way to maintain the value of the property and, at best, to increase it [&hellip;]<\/p>","protected":false},"author":1,"featured_media":0,"parent":0,"menu_order":0,"comment_status":"closed","ping_status":"closed","template":"elementor_header_footer","meta":{"_mi_skip_tracking":false,"_monsterinsights_sitenote_active":false,"_monsterinsights_sitenote_note":"","_monsterinsights_sitenote_category":0,"footnotes":""},"class_list":["post-1553","page","type-page","status-publish","hentry"],"yoast_head":"<!-- This site is optimized with the Yoast SEO plugin v21.2 - https:\/\/yoast.com\/wordpress\/plugins\/seo\/ -->\n<title>Management - Uniresta GmbH<\/title>\n<meta name=\"robots\" content=\"index, follow, max-snippet:-1, max-image-preview:large, max-video-preview:-1\" \/>\n<link rel=\"canonical\" href=\"http:\/\/verwaltung.uniresta.com\/de\/\" \/>\n<meta property=\"og:locale\" content=\"de_DE\" \/>\n<meta property=\"og:type\" content=\"article\" \/>\n<meta property=\"og:title\" content=\"Management - Uniresta GmbH\" \/>\n<meta property=\"og:description\" content=\"MANAGEMENT Management The Uniresta GmbH is a Frankfurt-based investment, asset and property management company with a focus on residential, hotel and office properties throughout Germany. As a full-service manager, it is our goal to manage our portfolio in the best possible way to maintain the value of the property and, at best, to increase it [&hellip;]\" \/>\n<meta property=\"og:url\" content=\"http:\/\/verwaltung.uniresta.com\/de\/\" \/>\n<meta property=\"og:site_name\" content=\"Uniresta GmbH\" \/>\n<meta property=\"article:modified_time\" content=\"2021-12-07T10:38:49+00:00\" \/>\n<meta name=\"twitter:card\" content=\"summary_large_image\" \/>\n<meta name=\"twitter:label1\" content=\"Gesch\u00e4tzte Lesezeit\" \/>\n\t<meta name=\"twitter:data1\" content=\"2\u00a0Minuten\" \/>\n<script type=\"application\/ld+json\" class=\"yoast-schema-graph\">{\"@context\":\"https:\/\/schema.org\",\"@graph\":[{\"@type\":\"WebPage\",\"@id\":\"https:\/\/verwaltung.uniresta.com\/\",\"url\":\"https:\/\/verwaltung.uniresta.com\/\",\"name\":\"Management - Uniresta GmbH\",\"isPartOf\":{\"@id\":\"https:\/\/verwaltung.uniresta.com\/#website\"},\"datePublished\":\"2021-10-24T07:46:10+00:00\",\"dateModified\":\"2021-12-07T10:38:49+00:00\",\"breadcrumb\":{\"@id\":\"https:\/\/verwaltung.uniresta.com\/#breadcrumb\"},\"inLanguage\":\"de\",\"potentialAction\":[{\"@type\":\"ReadAction\",\"target\":[\"https:\/\/verwaltung.uniresta.com\/\"]}]},{\"@type\":\"BreadcrumbList\",\"@id\":\"https:\/\/verwaltung.uniresta.com\/#breadcrumb\",\"itemListElement\":[{\"@type\":\"ListItem\",\"position\":1,\"name\":\"Home\",\"item\":\"https:\/\/verwaltung.uniresta.com\/\"},{\"@type\":\"ListItem\",\"position\":2,\"name\":\"Management\"}]},{\"@type\":\"WebSite\",\"@id\":\"https:\/\/verwaltung.uniresta.com\/#website\",\"url\":\"https:\/\/verwaltung.uniresta.com\/\",\"name\":\"Uniresta GmbH\",\"description\":\"Ihre Hausverwaltung in Frankfurt \u2013 F\u00fcr Mieter, f\u00fcr Immobilien, f\u00fcr Verl\u00e4sslichkeit\",\"publisher\":{\"@id\":\"https:\/\/verwaltung.uniresta.com\/#organization\"},\"potentialAction\":[{\"@type\":\"SearchAction\",\"target\":{\"@type\":\"EntryPoint\",\"urlTemplate\":\"https:\/\/verwaltung.uniresta.com\/?s={search_term_string}\"},\"query-input\":\"required name=search_term_string\"}],\"inLanguage\":\"de\"},{\"@type\":\"Organization\",\"@id\":\"https:\/\/verwaltung.uniresta.com\/#organization\",\"name\":\"Uniresta GmbH\",\"url\":\"https:\/\/verwaltung.uniresta.com\/\",\"logo\":{\"@type\":\"ImageObject\",\"inLanguage\":\"de\",\"@id\":\"https:\/\/verwaltung.uniresta.com\/#\/schema\/logo\/image\/\",\"url\":\"https:\/\/verwaltung.uniresta.com\/wp-content\/uploads\/2021\/09\/Logo@2x.png\",\"contentUrl\":\"https:\/\/verwaltung.uniresta.com\/wp-content\/uploads\/2021\/09\/Logo@2x.png\",\"width\":839,\"height\":169,\"caption\":\"Uniresta GmbH\"},\"image\":{\"@id\":\"https:\/\/verwaltung.uniresta.com\/#\/schema\/logo\/image\/\"}}]}<\/script>\n<!-- \/ Yoast SEO plugin. -->","yoast_head_json":{"title":"Management - Uniresta GmbH","robots":{"index":"index","follow":"follow","max-snippet":"max-snippet:-1","max-image-preview":"max-image-preview:large","max-video-preview":"max-video-preview:-1"},"canonical":"http:\/\/verwaltung.uniresta.com\/de\/","og_locale":"de_DE","og_type":"article","og_title":"Management - Uniresta GmbH","og_description":"MANAGEMENT Management The Uniresta GmbH is a Frankfurt-based investment, asset and property management company with a focus on residential, hotel and office properties throughout Germany. As a full-service manager, it is our goal to manage our portfolio in the best possible way to maintain the value of the property and, at best, to increase it [&hellip;]","og_url":"http:\/\/verwaltung.uniresta.com\/de\/","og_site_name":"Uniresta GmbH","article_modified_time":"2021-12-07T10:38:49+00:00","twitter_card":"summary_large_image","twitter_misc":{"Gesch\u00e4tzte Lesezeit":"2\u00a0Minuten"},"schema":{"@context":"https:\/\/schema.org","@graph":[{"@type":"WebPage","@id":"https:\/\/verwaltung.uniresta.com\/","url":"https:\/\/verwaltung.uniresta.com\/","name":"Management - Uniresta GmbH","isPartOf":{"@id":"https:\/\/verwaltung.uniresta.com\/#website"},"datePublished":"2021-10-24T07:46:10+00:00","dateModified":"2021-12-07T10:38:49+00:00","breadcrumb":{"@id":"https:\/\/verwaltung.uniresta.com\/#breadcrumb"},"inLanguage":"de","potentialAction":[{"@type":"ReadAction","target":["https:\/\/verwaltung.uniresta.com\/"]}]},{"@type":"BreadcrumbList","@id":"https:\/\/verwaltung.uniresta.com\/#breadcrumb","itemListElement":[{"@type":"ListItem","position":1,"name":"Home","item":"https:\/\/verwaltung.uniresta.com\/"},{"@type":"ListItem","position":2,"name":"Management"}]},{"@type":"WebSite","@id":"https:\/\/verwaltung.uniresta.com\/#website","url":"https:\/\/verwaltung.uniresta.com\/","name":"Uniresta GmbH","description":"Ihre Hausverwaltung in Frankfurt \u2013 F\u00fcr Mieter, f\u00fcr Immobilien, f\u00fcr Verl\u00e4sslichkeit","publisher":{"@id":"https:\/\/verwaltung.uniresta.com\/#organization"},"potentialAction":[{"@type":"SearchAction","target":{"@type":"EntryPoint","urlTemplate":"https:\/\/verwaltung.uniresta.com\/?s={search_term_string}"},"query-input":"required name=search_term_string"}],"inLanguage":"de"},{"@type":"Organization","@id":"https:\/\/verwaltung.uniresta.com\/#organization","name":"Uniresta GmbH","url":"https:\/\/verwaltung.uniresta.com\/","logo":{"@type":"ImageObject","inLanguage":"de","@id":"https:\/\/verwaltung.uniresta.com\/#\/schema\/logo\/image\/","url":"https:\/\/verwaltung.uniresta.com\/wp-content\/uploads\/2021\/09\/Logo@2x.png","contentUrl":"https:\/\/verwaltung.uniresta.com\/wp-content\/uploads\/2021\/09\/Logo@2x.png","width":839,"height":169,"caption":"Uniresta GmbH"},"image":{"@id":"https:\/\/verwaltung.uniresta.com\/#\/schema\/logo\/image\/"}}]}},"_links":{"self":[{"href":"http:\/\/verwaltung.uniresta.com\/de\/wp-json\/wp\/v2\/pages\/1553","targetHints":{"allow":["GET"]}}],"collection":[{"href":"http:\/\/verwaltung.uniresta.com\/de\/wp-json\/wp\/v2\/pages"}],"about":[{"href":"http:\/\/verwaltung.uniresta.com\/de\/wp-json\/wp\/v2\/types\/page"}],"author":[{"embeddable":true,"href":"http:\/\/verwaltung.uniresta.com\/de\/wp-json\/wp\/v2\/users\/1"}],"replies":[{"embeddable":true,"href":"http:\/\/verwaltung.uniresta.com\/de\/wp-json\/wp\/v2\/comments?post=1553"}],"version-history":[{"count":10,"href":"http:\/\/verwaltung.uniresta.com\/de\/wp-json\/wp\/v2\/pages\/1553\/revisions"}],"predecessor-version":[{"id":1942,"href":"http:\/\/verwaltung.uniresta.com\/de\/wp-json\/wp\/v2\/pages\/1553\/revisions\/1942"}],"wp:attachment":[{"href":"http:\/\/verwaltung.uniresta.com\/de\/wp-json\/wp\/v2\/media?parent=1553"}],"curies":[{"name":"wp","href":"https:\/\/api.w.org\/{rel}","templated":true}]}}