{"id":635,"date":"2021-09-11T08:12:15","date_gmt":"2021-09-11T06:12:15","guid":{"rendered":"http:\/\/2021.uniresta.com\/?page_id=635"},"modified":"2021-11-07T06:44:13","modified_gmt":"2021-11-07T05:44:13","slug":"disclaimer","status":"publish","type":"page","link":"http:\/\/verwaltung.uniresta.com\/de\/disclaimer\/","title":{"rendered":"Haftungsausschluss"},"content":{"rendered":"<div data-elementor-type=\"wp-page\" data-elementor-id=\"635\" class=\"elementor elementor-635\">\n\t\t\t\t\t\t\t\t\t<section class=\"elementor-section elementor-top-section elementor-element elementor-element-0475d26 elementor-section-boxed elementor-section-height-default elementor-section-height-default\" data-id=\"0475d26\" data-element_type=\"section\">\n\t\t\t\t\t\t<div class=\"elementor-container elementor-column-gap-default\">\n\t\t\t\t\t<div class=\"elementor-column elementor-col-100 elementor-top-column elementor-element elementor-element-56e9876\" data-id=\"56e9876\" data-element_type=\"column\">\n\t\t\t<div class=\"elementor-widget-wrap elementor-element-populated\">\n\t\t\t\t\t\t\t\t<div class=\"elementor-element elementor-element-ebbb2cb elementor-widget-divider--view-line elementor-widget elementor-widget-divider\" data-id=\"ebbb2cb\" data-element_type=\"widget\" data-widget_type=\"divider.default\">\n\t\t\t\t<div class=\"elementor-widget-container\">\n\t\t\t<style>\/*! elementor - v3.16.0 - 14-09-2023 *\/\n.elementor-widget-divider{--divider-border-style:none;--divider-border-width:1px;--divider-color:#0c0d0e;--divider-icon-size:20px;--divider-element-spacing:10px;--divider-pattern-height:24px;--divider-pattern-size:20px;--divider-pattern-url:none;--divider-pattern-repeat:repeat-x}.elementor-widget-divider .elementor-divider{display:flex}.elementor-widget-divider .elementor-divider__text{font-size:15px;line-height:1;max-width:95%}.elementor-widget-divider .elementor-divider__element{margin:0 var(--divider-element-spacing);flex-shrink:0}.elementor-widget-divider .elementor-icon{font-size:var(--divider-icon-size)}.elementor-widget-divider .elementor-divider-separator{display:flex;margin:0;direction:ltr}.elementor-widget-divider--view-line_icon .elementor-divider-separator,.elementor-widget-divider--view-line_text .elementor-divider-separator{align-items:center}.elementor-widget-divider--view-line_icon .elementor-divider-separator:after,.elementor-widget-divider--view-line_icon .elementor-divider-separator:before,.elementor-widget-divider--view-line_text .elementor-divider-separator:after,.elementor-widget-divider--view-line_text .elementor-divider-separator:before{display:block;content:\"\";border-bottom:0;flex-grow:1;border-top:var(--divider-border-width) var(--divider-border-style) var(--divider-color)}.elementor-widget-divider--element-align-left .elementor-divider .elementor-divider-separator>.elementor-divider__svg:first-of-type{flex-grow:0;flex-shrink:100}.elementor-widget-divider--element-align-left .elementor-divider-separator:before{content:none}.elementor-widget-divider--element-align-left .elementor-divider__element{margin-left:0}.elementor-widget-divider--element-align-right .elementor-divider .elementor-divider-separator>.elementor-divider__svg:last-of-type{flex-grow:0;flex-shrink:100}.elementor-widget-divider--element-align-right .elementor-divider-separator:after{content:none}.elementor-widget-divider--element-align-right .elementor-divider__element{margin-right:0}.elementor-widget-divider:not(.elementor-widget-divider--view-line_text):not(.elementor-widget-divider--view-line_icon) .elementor-divider-separator{border-top:var(--divider-border-width) var(--divider-border-style) var(--divider-color)}.elementor-widget-divider--separator-type-pattern{--divider-border-style:none}.elementor-widget-divider--separator-type-pattern.elementor-widget-divider--view-line .elementor-divider-separator,.elementor-widget-divider--separator-type-pattern:not(.elementor-widget-divider--view-line) .elementor-divider-separator:after,.elementor-widget-divider--separator-type-pattern:not(.elementor-widget-divider--view-line) .elementor-divider-separator:before,.elementor-widget-divider--separator-type-pattern:not([class*=elementor-widget-divider--view]) .elementor-divider-separator{width:100%;min-height:var(--divider-pattern-height);-webkit-mask-size:var(--divider-pattern-size) 100%;mask-size:var(--divider-pattern-size) 100%;-webkit-mask-repeat:var(--divider-pattern-repeat);mask-repeat:var(--divider-pattern-repeat);background-color:var(--divider-color);-webkit-mask-image:var(--divider-pattern-url);mask-image:var(--divider-pattern-url)}.elementor-widget-divider--no-spacing{--divider-pattern-size:auto}.elementor-widget-divider--bg-round{--divider-pattern-repeat:round}.rtl .elementor-widget-divider .elementor-divider__text{direction:rtl}.e-con-inner>.elementor-widget-divider,.e-con>.elementor-widget-divider{width:var(--container-widget-width,100%);--flex-grow:var(--container-widget-flex-grow)}<\/style>\t\t<div class=\"elementor-divider\">\n\t\t\t<span class=\"elementor-divider-separator\">\n\t\t\t\t\t\t<\/span>\n\t\t<\/div>\n\t\t\t\t<\/div>\n\t\t\t\t<\/div>\n\t\t\t\t<div class=\"elementor-element elementor-element-e5da19d elementor-invisible elementor-widget elementor-widget-text-editor\" data-id=\"e5da19d\" data-element_type=\"widget\" data-settings=\"{&quot;_animation&quot;:&quot;fadeIn&quot;}\" data-widget_type=\"text-editor.default\">\n\t\t\t\t<div class=\"elementor-widget-container\">\n\t\t\t<style>\/*! elementor - v3.16.0 - 14-09-2023 *\/\n.elementor-widget-text-editor.elementor-drop-cap-view-stacked .elementor-drop-cap{background-color:#69727d;color:#fff}.elementor-widget-text-editor.elementor-drop-cap-view-framed .elementor-drop-cap{color:#69727d;border:3px solid;background-color:transparent}.elementor-widget-text-editor:not(.elementor-drop-cap-view-default) .elementor-drop-cap{margin-top:8px}.elementor-widget-text-editor:not(.elementor-drop-cap-view-default) .elementor-drop-cap-letter{width:1em;height:1em}.elementor-widget-text-editor .elementor-drop-cap{float:left;text-align:center;line-height:1;font-size:50px}.elementor-widget-text-editor .elementor-drop-cap-letter{display:inline-block}<\/style>\t\t\t\t<p>Die hierin enthaltenen Aussagen und Informationen stellen kein Vertragsangebot dar. F\u00fcr deren Richtigkeit und Vollst\u00e4ndigkeit wird keine Haftung \u00fcbernommen. \u00c4nderungen vorbehalten.<\/p><p>Trotz sorgf\u00e4ltiger inhaltlicher Kontrolle \u00fcbernehmen wir keine Haftung f\u00fcr die Inhalte externer Links. F\u00fcr den Inhalt der verlinkten Seiten sind ausschlie\u00dflich deren Betreiber verantwortlich<\/p><p>Als Diensteanbieter sind wir gem\u00e4\u00df \u00a7 7 Abs.1 TMG f\u00fcr eigene Inhalte auf diesen Seiten nach den allgemeinen Gesetzen verantwortlich. Nach \u00a7\u00a7 8 bis 10 TMG sind wir als Diensteanbieter jedoch nicht verpflichtet, \u00fcbermittelte oder gespeicherte fremde Informationen zu \u00fcberwachen oder nach Umst\u00e4nden zu forschen, die auf eine rechtswidrige T\u00e4tigkeit hinweisen.<\/p><p>Verpflichtungen zur Entfernung oder Sperrung der Nutzung von Informationen nach den allgemeinen Gesetzen bleiben hiervon unber\u00fchrt. Eine diesbez\u00fcgliche Haftung ist jedoch erst ab dem Zeitpunkt der Kenntnis einer konkreten Rechtsverletzung m\u00f6glich. Bei Bekanntwerden von entsprechenden Rechtsverletzungen werden wir diese Inhalte umgehend entfernen.<\/p><p>Unser Angebot enth\u00e4lt Links zu externen Websites Dritter, auf deren Inhalte wir keinen Einfluss haben. Deshalb k\u00f6nnen wir f\u00fcr diese fremden Inhalte auch keine Gew\u00e4hr \u00fcbernehmen. F\u00fcr die Inhalte der verlinkten Seiten ist stets der jeweilige Anbieter oder Betreiber der Seiten verantwortlich. Die verlinkten Seiten wurden zum Zeitpunkt der Verlinkung auf m\u00f6gliche Rechtsverst\u00f6\u00dfe \u00fcberpr\u00fcft. Rechtswidrige Inhalte waren zum Zeitpunkt der Verlinkung nicht erkennbar.<\/p><p>Eine permanente inhaltliche Kontrolle der verlinkten Seiten ist jedoch ohne konkrete Anhaltspunkte einer Rechtsverletzung nicht zumutbar. Bei Bekanntwerden von Rechtsverletzungen werden wir derartige Links umgehend entfernen.<\/p><p><strong>\u200bUrheberrecht<\/strong><\/p><p>Die durch die Seitenbetreiber erstellten Inhalte und Werke auf diesen Seiten unterliegen dem deutschen Urheberrecht. Die Vervielf\u00e4ltigung, Bearbeitung, Verbreitung und jede Art der Verwertung au\u00dferhalb der Grenzen des Urheberrechtes bed\u00fcrfen der schriftlichen Zustimmung des jeweiligen Autors bzw. Erstellers. Downloads und Kopien dieser Seite sind nur f\u00fcr den privaten, nicht kommerziellen Gebrauch gestattet.<\/p><p>Die kommerzielle Nutzung unserer Inhalte ohne Zustimmung des Urhebers ist untersagt.<\/p><p>Soweit die Inhalte auf dieser Seite nicht vom Betreiber erstellt wurden, werden die Urheberrechte Dritter beachtet. Insbesondere werden Inhalte Dritter als solche gekennzeichnet. Sollten Sie trotzdem auf eine Urheberrechtsverletzung aufmerksam werden, bitten wir um einen entsprechenden Hinweis. Bei Bekanntwerden von Rechtsverletzungen werden wir derartige Inhalte umgehend entfernen.<\/p>\t\t\t\t\t\t<\/div>\n\t\t\t\t<\/div>\n\t\t\t\t\t<\/div>\n\t\t<\/div>\n\t\t\t\t\t\t\t<\/div>\n\t\t<\/section>\n\t\t\t\t\t\t\t<\/div>","protected":false},"excerpt":{"rendered":"<p>The statements and information contained herein do not represent a contractual offer. No liability is assumed for their accuracy and completeness. The right to make changes is reserved. Though the content is carefully examined, we accept no liability for the content of external links. The operators are solely liable for the content on linked pages. [&hellip;]<\/p>","protected":false},"author":1,"featured_media":0,"parent":0,"menu_order":0,"comment_status":"closed","ping_status":"closed","template":"elementor_header_footer","meta":{"_mi_skip_tracking":false,"_monsterinsights_sitenote_active":false,"_monsterinsights_sitenote_note":"","_monsterinsights_sitenote_category":0,"footnotes":""},"class_list":["post-635","page","type-page","status-publish","hentry"],"yoast_head":"<!-- This site is optimized with the Yoast SEO plugin v21.2 - https:\/\/yoast.com\/wordpress\/plugins\/seo\/ -->\n<title>Disclaimer - Uniresta GmbH<\/title>\n<meta name=\"robots\" content=\"index, follow, max-snippet:-1, max-image-preview:large, max-video-preview:-1\" \/>\n<link rel=\"canonical\" href=\"http:\/\/verwaltung.uniresta.com\/de\/disclaimer\/\" \/>\n<meta property=\"og:locale\" content=\"de_DE\" \/>\n<meta property=\"og:type\" content=\"article\" \/>\n<meta property=\"og:title\" content=\"Disclaimer - Uniresta GmbH\" \/>\n<meta property=\"og:description\" content=\"The statements and information contained herein do not represent a contractual offer. No liability is assumed for their accuracy and completeness. The right to make changes is reserved. Though the content is carefully examined, we accept no liability for the content of external links. The operators are solely liable for the content on linked pages. [&hellip;]\" \/>\n<meta property=\"og:url\" content=\"http:\/\/verwaltung.uniresta.com\/de\/disclaimer\/\" \/>\n<meta property=\"og:site_name\" content=\"Uniresta GmbH\" \/>\n<meta property=\"article:modified_time\" content=\"2021-11-07T05:44:13+00:00\" \/>\n<meta name=\"twitter:card\" content=\"summary_large_image\" \/>\n<meta name=\"twitter:label1\" content=\"Gesch\u00e4tzte Lesezeit\" \/>\n\t<meta name=\"twitter:data1\" content=\"2\u00a0Minuten\" \/>\n<script type=\"application\/ld+json\" class=\"yoast-schema-graph\">{\"@context\":\"https:\/\/schema.org\",\"@graph\":[{\"@type\":\"WebPage\",\"@id\":\"https:\/\/verwaltung.uniresta.com\/disclaimer\/\",\"url\":\"https:\/\/verwaltung.uniresta.com\/disclaimer\/\",\"name\":\"Disclaimer - Uniresta GmbH\",\"isPartOf\":{\"@id\":\"https:\/\/verwaltung.uniresta.com\/#website\"},\"datePublished\":\"2021-09-11T06:12:15+00:00\",\"dateModified\":\"2021-11-07T05:44:13+00:00\",\"breadcrumb\":{\"@id\":\"https:\/\/verwaltung.uniresta.com\/disclaimer\/#breadcrumb\"},\"inLanguage\":\"de\",\"potentialAction\":[{\"@type\":\"ReadAction\",\"target\":[\"https:\/\/verwaltung.uniresta.com\/disclaimer\/\"]}]},{\"@type\":\"BreadcrumbList\",\"@id\":\"https:\/\/verwaltung.uniresta.com\/disclaimer\/#breadcrumb\",\"itemListElement\":[{\"@type\":\"ListItem\",\"position\":1,\"name\":\"Home\",\"item\":\"https:\/\/verwaltung.uniresta.com\/\"},{\"@type\":\"ListItem\",\"position\":2,\"name\":\"Disclaimer\"}]},{\"@type\":\"WebSite\",\"@id\":\"https:\/\/verwaltung.uniresta.com\/#website\",\"url\":\"https:\/\/verwaltung.uniresta.com\/\",\"name\":\"Uniresta GmbH\",\"description\":\"Ihre Hausverwaltung in Frankfurt \u2013 F\u00fcr Mieter, f\u00fcr Immobilien, f\u00fcr Verl\u00e4sslichkeit\",\"publisher\":{\"@id\":\"https:\/\/verwaltung.uniresta.com\/#organization\"},\"potentialAction\":[{\"@type\":\"SearchAction\",\"target\":{\"@type\":\"EntryPoint\",\"urlTemplate\":\"https:\/\/verwaltung.uniresta.com\/?s={search_term_string}\"},\"query-input\":\"required name=search_term_string\"}],\"inLanguage\":\"de\"},{\"@type\":\"Organization\",\"@id\":\"https:\/\/verwaltung.uniresta.com\/#organization\",\"name\":\"Uniresta GmbH\",\"url\":\"https:\/\/verwaltung.uniresta.com\/\",\"logo\":{\"@type\":\"ImageObject\",\"inLanguage\":\"de\",\"@id\":\"https:\/\/verwaltung.uniresta.com\/#\/schema\/logo\/image\/\",\"url\":\"https:\/\/verwaltung.uniresta.com\/wp-content\/uploads\/2021\/09\/Logo@2x.png\",\"contentUrl\":\"https:\/\/verwaltung.uniresta.com\/wp-content\/uploads\/2021\/09\/Logo@2x.png\",\"width\":839,\"height\":169,\"caption\":\"Uniresta GmbH\"},\"image\":{\"@id\":\"https:\/\/verwaltung.uniresta.com\/#\/schema\/logo\/image\/\"}}]}<\/script>\n<!-- \/ Yoast SEO plugin. -->","yoast_head_json":{"title":"Disclaimer - Uniresta GmbH","robots":{"index":"index","follow":"follow","max-snippet":"max-snippet:-1","max-image-preview":"max-image-preview:large","max-video-preview":"max-video-preview:-1"},"canonical":"http:\/\/verwaltung.uniresta.com\/de\/disclaimer\/","og_locale":"de_DE","og_type":"article","og_title":"Disclaimer - Uniresta GmbH","og_description":"The statements and information contained herein do not represent a contractual offer. No liability is assumed for their accuracy and completeness. The right to make changes is reserved. Though the content is carefully examined, we accept no liability for the content of external links. The operators are solely liable for the content on linked pages. [&hellip;]","og_url":"http:\/\/verwaltung.uniresta.com\/de\/disclaimer\/","og_site_name":"Uniresta GmbH","article_modified_time":"2021-11-07T05:44:13+00:00","twitter_card":"summary_large_image","twitter_misc":{"Gesch\u00e4tzte Lesezeit":"2\u00a0Minuten"},"schema":{"@context":"https:\/\/schema.org","@graph":[{"@type":"WebPage","@id":"https:\/\/verwaltung.uniresta.com\/disclaimer\/","url":"https:\/\/verwaltung.uniresta.com\/disclaimer\/","name":"Disclaimer - Uniresta GmbH","isPartOf":{"@id":"https:\/\/verwaltung.uniresta.com\/#website"},"datePublished":"2021-09-11T06:12:15+00:00","dateModified":"2021-11-07T05:44:13+00:00","breadcrumb":{"@id":"https:\/\/verwaltung.uniresta.com\/disclaimer\/#breadcrumb"},"inLanguage":"de","potentialAction":[{"@type":"ReadAction","target":["https:\/\/verwaltung.uniresta.com\/disclaimer\/"]}]},{"@type":"BreadcrumbList","@id":"https:\/\/verwaltung.uniresta.com\/disclaimer\/#breadcrumb","itemListElement":[{"@type":"ListItem","position":1,"name":"Home","item":"https:\/\/verwaltung.uniresta.com\/"},{"@type":"ListItem","position":2,"name":"Disclaimer"}]},{"@type":"WebSite","@id":"https:\/\/verwaltung.uniresta.com\/#website","url":"https:\/\/verwaltung.uniresta.com\/","name":"Uniresta GmbH","description":"Ihre Hausverwaltung in Frankfurt \u2013 F\u00fcr Mieter, f\u00fcr Immobilien, f\u00fcr Verl\u00e4sslichkeit","publisher":{"@id":"https:\/\/verwaltung.uniresta.com\/#organization"},"potentialAction":[{"@type":"SearchAction","target":{"@type":"EntryPoint","urlTemplate":"https:\/\/verwaltung.uniresta.com\/?s={search_term_string}"},"query-input":"required name=search_term_string"}],"inLanguage":"de"},{"@type":"Organization","@id":"https:\/\/verwaltung.uniresta.com\/#organization","name":"Uniresta GmbH","url":"https:\/\/verwaltung.uniresta.com\/","logo":{"@type":"ImageObject","inLanguage":"de","@id":"https:\/\/verwaltung.uniresta.com\/#\/schema\/logo\/image\/","url":"https:\/\/verwaltung.uniresta.com\/wp-content\/uploads\/2021\/09\/Logo@2x.png","contentUrl":"https:\/\/verwaltung.uniresta.com\/wp-content\/uploads\/2021\/09\/Logo@2x.png","width":839,"height":169,"caption":"Uniresta GmbH"},"image":{"@id":"https:\/\/verwaltung.uniresta.com\/#\/schema\/logo\/image\/"}}]}},"_links":{"self":[{"href":"http:\/\/verwaltung.uniresta.com\/de\/wp-json\/wp\/v2\/pages\/635","targetHints":{"allow":["GET"]}}],"collection":[{"href":"http:\/\/verwaltung.uniresta.com\/de\/wp-json\/wp\/v2\/pages"}],"about":[{"href":"http:\/\/verwaltung.uniresta.com\/de\/wp-json\/wp\/v2\/types\/page"}],"author":[{"embeddable":true,"href":"http:\/\/verwaltung.uniresta.com\/de\/wp-json\/wp\/v2\/users\/1"}],"replies":[{"embeddable":true,"href":"http:\/\/verwaltung.uniresta.com\/de\/wp-json\/wp\/v2\/comments?post=635"}],"version-history":[{"count":10,"href":"http:\/\/verwaltung.uniresta.com\/de\/wp-json\/wp\/v2\/pages\/635\/revisions"}],"predecessor-version":[{"id":1920,"href":"http:\/\/verwaltung.uniresta.com\/de\/wp-json\/wp\/v2\/pages\/635\/revisions\/1920"}],"wp:attachment":[{"href":"http:\/\/verwaltung.uniresta.com\/de\/wp-json\/wp\/v2\/media?parent=635"}],"curies":[{"name":"wp","href":"https:\/\/api.w.org\/{rel}","templated":true}]}}