{"id":636,"date":"2021-09-11T08:12:22","date_gmt":"2021-09-11T06:12:22","guid":{"rendered":"http:\/\/2021.uniresta.com\/?page_id=636"},"modified":"2022-11-06T10:37:21","modified_gmt":"2022-11-06T09:37:21","slug":"imprint","status":"publish","type":"page","link":"http:\/\/verwaltung.uniresta.com\/de\/imprint\/","title":{"rendered":"Impressum"},"content":{"rendered":"<div data-elementor-type=\"wp-page\" data-elementor-id=\"636\" class=\"elementor elementor-636\">\n\t\t\t\t\t\t\t\t\t<section class=\"elementor-section elementor-top-section elementor-element elementor-element-7eba40c elementor-section-boxed elementor-section-height-default elementor-section-height-default\" data-id=\"7eba40c\" data-element_type=\"section\">\n\t\t\t\t\t\t<div class=\"elementor-container elementor-column-gap-default\">\n\t\t\t\t\t<div class=\"elementor-column elementor-col-100 elementor-top-column elementor-element elementor-element-a5493eb\" data-id=\"a5493eb\" data-element_type=\"column\">\n\t\t\t<div class=\"elementor-widget-wrap elementor-element-populated\">\n\t\t\t\t\t\t\t\t<div class=\"elementor-element elementor-element-4a9b00b elementor-widget-divider--view-line elementor-widget elementor-widget-divider\" data-id=\"4a9b00b\" data-element_type=\"widget\" data-widget_type=\"divider.default\">\n\t\t\t\t<div class=\"elementor-widget-container\">\n\t\t\t<style>\/*! elementor - v3.16.0 - 14-09-2023 *\/\n.elementor-widget-divider{--divider-border-style:none;--divider-border-width:1px;--divider-color:#0c0d0e;--divider-icon-size:20px;--divider-element-spacing:10px;--divider-pattern-height:24px;--divider-pattern-size:20px;--divider-pattern-url:none;--divider-pattern-repeat:repeat-x}.elementor-widget-divider .elementor-divider{display:flex}.elementor-widget-divider .elementor-divider__text{font-size:15px;line-height:1;max-width:95%}.elementor-widget-divider .elementor-divider__element{margin:0 var(--divider-element-spacing);flex-shrink:0}.elementor-widget-divider .elementor-icon{font-size:var(--divider-icon-size)}.elementor-widget-divider .elementor-divider-separator{display:flex;margin:0;direction:ltr}.elementor-widget-divider--view-line_icon .elementor-divider-separator,.elementor-widget-divider--view-line_text .elementor-divider-separator{align-items:center}.elementor-widget-divider--view-line_icon .elementor-divider-separator:after,.elementor-widget-divider--view-line_icon .elementor-divider-separator:before,.elementor-widget-divider--view-line_text .elementor-divider-separator:after,.elementor-widget-divider--view-line_text .elementor-divider-separator:before{display:block;content:\"\";border-bottom:0;flex-grow:1;border-top:var(--divider-border-width) var(--divider-border-style) var(--divider-color)}.elementor-widget-divider--element-align-left .elementor-divider .elementor-divider-separator>.elementor-divider__svg:first-of-type{flex-grow:0;flex-shrink:100}.elementor-widget-divider--element-align-left .elementor-divider-separator:before{content:none}.elementor-widget-divider--element-align-left .elementor-divider__element{margin-left:0}.elementor-widget-divider--element-align-right .elementor-divider .elementor-divider-separator>.elementor-divider__svg:last-of-type{flex-grow:0;flex-shrink:100}.elementor-widget-divider--element-align-right .elementor-divider-separator:after{content:none}.elementor-widget-divider--element-align-right .elementor-divider__element{margin-right:0}.elementor-widget-divider:not(.elementor-widget-divider--view-line_text):not(.elementor-widget-divider--view-line_icon) .elementor-divider-separator{border-top:var(--divider-border-width) var(--divider-border-style) var(--divider-color)}.elementor-widget-divider--separator-type-pattern{--divider-border-style:none}.elementor-widget-divider--separator-type-pattern.elementor-widget-divider--view-line .elementor-divider-separator,.elementor-widget-divider--separator-type-pattern:not(.elementor-widget-divider--view-line) .elementor-divider-separator:after,.elementor-widget-divider--separator-type-pattern:not(.elementor-widget-divider--view-line) .elementor-divider-separator:before,.elementor-widget-divider--separator-type-pattern:not([class*=elementor-widget-divider--view]) .elementor-divider-separator{width:100%;min-height:var(--divider-pattern-height);-webkit-mask-size:var(--divider-pattern-size) 100%;mask-size:var(--divider-pattern-size) 100%;-webkit-mask-repeat:var(--divider-pattern-repeat);mask-repeat:var(--divider-pattern-repeat);background-color:var(--divider-color);-webkit-mask-image:var(--divider-pattern-url);mask-image:var(--divider-pattern-url)}.elementor-widget-divider--no-spacing{--divider-pattern-size:auto}.elementor-widget-divider--bg-round{--divider-pattern-repeat:round}.rtl .elementor-widget-divider .elementor-divider__text{direction:rtl}.e-con-inner>.elementor-widget-divider,.e-con>.elementor-widget-divider{width:var(--container-widget-width,100%);--flex-grow:var(--container-widget-flex-grow)}<\/style>\t\t<div class=\"elementor-divider\">\n\t\t\t<span class=\"elementor-divider-separator\">\n\t\t\t\t\t\t<\/span>\n\t\t<\/div>\n\t\t\t\t<\/div>\n\t\t\t\t<\/div>\n\t\t\t\t<div class=\"elementor-element elementor-element-b1054a9 elementor-invisible elementor-widget elementor-widget-text-editor\" data-id=\"b1054a9\" data-element_type=\"widget\" data-settings=\"{&quot;_animation&quot;:&quot;fadeIn&quot;}\" data-widget_type=\"text-editor.default\">\n\t\t\t\t<div class=\"elementor-widget-container\">\n\t\t\t<style>\/*! elementor - v3.16.0 - 14-09-2023 *\/\n.elementor-widget-text-editor.elementor-drop-cap-view-stacked .elementor-drop-cap{background-color:#69727d;color:#fff}.elementor-widget-text-editor.elementor-drop-cap-view-framed .elementor-drop-cap{color:#69727d;border:3px solid;background-color:transparent}.elementor-widget-text-editor:not(.elementor-drop-cap-view-default) .elementor-drop-cap{margin-top:8px}.elementor-widget-text-editor:not(.elementor-drop-cap-view-default) .elementor-drop-cap-letter{width:1em;height:1em}.elementor-widget-text-editor .elementor-drop-cap{float:left;text-align:center;line-height:1;font-size:50px}.elementor-widget-text-editor .elementor-drop-cap-letter{display:inline-block}<\/style>\t\t\t\t<p><em>Angaben gem\u00e4\u00df Telemediengesetz (TMG) \u00a7 5<\/em><\/p><p><b>Uniresta GmbH<br \/><\/b><span style=\"color: var( --e-global-color-text );\">Gr\u00fcneburgweg 101<br \/><\/span><span style=\"color: var( --e-global-color-text );\">60323 Frankfurt am Main | Germany<\/span><\/p><p>Vertreten durch: Maximilian M. Mellul, Victor D. Mellul (Gesch\u00e4ftsf\u00fchrende Gesellschafter)<br \/><span style=\"color: var( --e-global-color-text );\">Amtsgericht: Frankfurt am Main, HRB 109748<br \/><\/span><span style=\"color: var( --e-global-color-text );\">Umsatzsteuer-Identifikationsnummer gem\u00e4\u00df \u00a7 27 (UstG): DE277058726<\/span><\/p><p><strong>\u00a0<\/strong><\/p><p><b>Kontakt<br \/><\/b><span style=\"color: var( --e-global-color-text );\">Uniresta GmbH<br \/><\/span><span style=\"color: var( --e-global-color-text );\">Gr\u00fcneburgweg 101<br \/><\/span><span style=\"color: var( --e-global-color-text );\">60323 Frankfurt am Main | Germany<br \/><\/span><span style=\"color: var( --e-global-color-text );\">Telephone: +49 69 72 76 97<br \/><\/span><span style=\"color: var( --e-global-color-text );\">Email:\u00a0 verwaltung@uniresta.com<br \/><\/span><span style=\"color: var( --e-global-color-text );\">Web: www.verwaltung.uniresta.com<\/span><\/p><p><b><span lang=\"EN-GB\">\u00a0<\/span><\/b><\/p><p><span lang=\"EN-GB\"><b>Streitschlichtung<br \/><\/b><\/span><span style=\"color: var( --e-global-color-text );\">Die Europ\u00e4ische Kommission stellt eine Plattform zur Online-Streitbeilegung (OS) bereit: <\/span><a style=\"background-color: #ffffff;\" href=\"https:\/\/ec.europa.eu\/consumers\/odr\">https:\/\/ec.europa.eu\/consumers\/odr<\/a><span style=\"color: var( --e-global-color-text );\">.<br \/><\/span><span style=\"color: var( --e-global-color-text );\">Unsere E-Mail-Adresse finden Sie oben im Impressum.<br \/><\/span><span style=\"color: var( --e-global-color-text );\">Wir sind nicht bereit oder verpflichtet, an Streitbeilegungsverfahren vor einer Verbraucherschlichtungsstelle teilzunehmen.<\/span><\/p>\t\t\t\t\t\t<\/div>\n\t\t\t\t<\/div>\n\t\t\t\t\t<\/div>\n\t\t<\/div>\n\t\t\t\t\t\t\t<\/div>\n\t\t<\/section>\n\t\t\t\t\t\t\t<\/div>","protected":false},"excerpt":{"rendered":"<p>Obligatory information according to the telemedia law (TMG) \u00a7 5 Uniresta GmbHGr\u00fcneburgweg 10160323 Frankfurt am Main | Germany Represented by: Maximilian M. Mellul, Victor D. Mellul (Managing Partners)Register court: Amtsgericht Frankfurt am Main, HRB 109748VAT ID number according to \u00a7 27 (UstG): DE277058726 \u00a0 ContactUniresta GmbHGr\u00fcneburgweg 10160323 Frankfurt am Main | GermanyTelephone: +49 69 72 [&hellip;]<\/p>","protected":false},"author":1,"featured_media":0,"parent":0,"menu_order":0,"comment_status":"closed","ping_status":"closed","template":"elementor_header_footer","meta":{"_mi_skip_tracking":false,"_monsterinsights_sitenote_active":false,"_monsterinsights_sitenote_note":"","_monsterinsights_sitenote_category":0,"footnotes":""},"class_list":["post-636","page","type-page","status-publish","hentry"],"yoast_head":"<!-- This site is optimized with the Yoast SEO plugin v21.2 - https:\/\/yoast.com\/wordpress\/plugins\/seo\/ -->\n<title>Imprint - Uniresta GmbH<\/title>\n<meta name=\"robots\" content=\"index, follow, max-snippet:-1, max-image-preview:large, max-video-preview:-1\" \/>\n<link rel=\"canonical\" href=\"https:\/\/verwaltung.uniresta.com\/de\/imprint\/\" \/>\n<meta property=\"og:locale\" content=\"de_DE\" \/>\n<meta property=\"og:type\" content=\"article\" \/>\n<meta property=\"og:title\" content=\"Imprint - Uniresta GmbH\" \/>\n<meta property=\"og:description\" content=\"Obligatory information according to the telemedia law (TMG) \u00a7 5 Uniresta GmbHGr\u00fcneburgweg 10160323 Frankfurt am Main | Germany Represented by: Maximilian M. Mellul, Victor D. Mellul (Managing Partners)Register court: Amtsgericht Frankfurt am Main, HRB 109748VAT ID number according to \u00a7 27 (UstG): DE277058726 \u00a0 ContactUniresta GmbHGr\u00fcneburgweg 10160323 Frankfurt am Main | GermanyTelephone: +49 69 72 [&hellip;]\" \/>\n<meta property=\"og:url\" content=\"https:\/\/verwaltung.uniresta.com\/de\/imprint\/\" \/>\n<meta property=\"og:site_name\" content=\"Uniresta GmbH\" \/>\n<meta property=\"article:modified_time\" content=\"2022-11-06T09:37:21+00:00\" \/>\n<meta name=\"twitter:card\" content=\"summary_large_image\" \/>\n<meta name=\"twitter:label1\" content=\"Gesch\u00e4tzte Lesezeit\" \/>\n\t<meta name=\"twitter:data1\" content=\"1\u00a0Minute\" \/>\n<script type=\"application\/ld+json\" class=\"yoast-schema-graph\">{\"@context\":\"https:\/\/schema.org\",\"@graph\":[{\"@type\":\"WebPage\",\"@id\":\"https:\/\/verwaltung.uniresta.com\/de\/imprint\/\",\"url\":\"https:\/\/verwaltung.uniresta.com\/de\/imprint\/\",\"name\":\"Imprint - Uniresta GmbH\",\"isPartOf\":{\"@id\":\"https:\/\/verwaltung.uniresta.com\/#website\"},\"datePublished\":\"2021-09-11T06:12:22+00:00\",\"dateModified\":\"2022-11-06T09:37:21+00:00\",\"breadcrumb\":{\"@id\":\"https:\/\/verwaltung.uniresta.com\/de\/imprint\/#breadcrumb\"},\"inLanguage\":\"de\",\"potentialAction\":[{\"@type\":\"ReadAction\",\"target\":[\"https:\/\/verwaltung.uniresta.com\/de\/imprint\/\"]}]},{\"@type\":\"BreadcrumbList\",\"@id\":\"https:\/\/verwaltung.uniresta.com\/de\/imprint\/#breadcrumb\",\"itemListElement\":[{\"@type\":\"ListItem\",\"position\":1,\"name\":\"Home\",\"item\":\"https:\/\/verwaltung.uniresta.com\/\"},{\"@type\":\"ListItem\",\"position\":2,\"name\":\"Imprint\"}]},{\"@type\":\"WebSite\",\"@id\":\"https:\/\/verwaltung.uniresta.com\/#website\",\"url\":\"https:\/\/verwaltung.uniresta.com\/\",\"name\":\"Uniresta GmbH\",\"description\":\"Ihre Hausverwaltung in Frankfurt \u2013 F\u00fcr Mieter, f\u00fcr Immobilien, f\u00fcr Verl\u00e4sslichkeit\",\"publisher\":{\"@id\":\"https:\/\/verwaltung.uniresta.com\/#organization\"},\"potentialAction\":[{\"@type\":\"SearchAction\",\"target\":{\"@type\":\"EntryPoint\",\"urlTemplate\":\"https:\/\/verwaltung.uniresta.com\/?s={search_term_string}\"},\"query-input\":\"required name=search_term_string\"}],\"inLanguage\":\"de\"},{\"@type\":\"Organization\",\"@id\":\"https:\/\/verwaltung.uniresta.com\/#organization\",\"name\":\"Uniresta GmbH\",\"url\":\"https:\/\/verwaltung.uniresta.com\/\",\"logo\":{\"@type\":\"ImageObject\",\"inLanguage\":\"de\",\"@id\":\"https:\/\/verwaltung.uniresta.com\/#\/schema\/logo\/image\/\",\"url\":\"https:\/\/verwaltung.uniresta.com\/wp-content\/uploads\/2021\/09\/Logo@2x.png\",\"contentUrl\":\"https:\/\/verwaltung.uniresta.com\/wp-content\/uploads\/2021\/09\/Logo@2x.png\",\"width\":839,\"height\":169,\"caption\":\"Uniresta GmbH\"},\"image\":{\"@id\":\"https:\/\/verwaltung.uniresta.com\/#\/schema\/logo\/image\/\"}}]}<\/script>\n<!-- \/ Yoast SEO plugin. -->","yoast_head_json":{"title":"Imprint - Uniresta GmbH","robots":{"index":"index","follow":"follow","max-snippet":"max-snippet:-1","max-image-preview":"max-image-preview:large","max-video-preview":"max-video-preview:-1"},"canonical":"https:\/\/verwaltung.uniresta.com\/de\/imprint\/","og_locale":"de_DE","og_type":"article","og_title":"Imprint - Uniresta GmbH","og_description":"Obligatory information according to the telemedia law (TMG) \u00a7 5 Uniresta GmbHGr\u00fcneburgweg 10160323 Frankfurt am Main | Germany Represented by: Maximilian M. Mellul, Victor D. Mellul (Managing Partners)Register court: Amtsgericht Frankfurt am Main, HRB 109748VAT ID number according to \u00a7 27 (UstG): DE277058726 \u00a0 ContactUniresta GmbHGr\u00fcneburgweg 10160323 Frankfurt am Main | GermanyTelephone: +49 69 72 [&hellip;]","og_url":"https:\/\/verwaltung.uniresta.com\/de\/imprint\/","og_site_name":"Uniresta GmbH","article_modified_time":"2022-11-06T09:37:21+00:00","twitter_card":"summary_large_image","twitter_misc":{"Gesch\u00e4tzte Lesezeit":"1\u00a0Minute"},"schema":{"@context":"https:\/\/schema.org","@graph":[{"@type":"WebPage","@id":"https:\/\/verwaltung.uniresta.com\/de\/imprint\/","url":"https:\/\/verwaltung.uniresta.com\/de\/imprint\/","name":"Imprint - Uniresta GmbH","isPartOf":{"@id":"https:\/\/verwaltung.uniresta.com\/#website"},"datePublished":"2021-09-11T06:12:22+00:00","dateModified":"2022-11-06T09:37:21+00:00","breadcrumb":{"@id":"https:\/\/verwaltung.uniresta.com\/de\/imprint\/#breadcrumb"},"inLanguage":"de","potentialAction":[{"@type":"ReadAction","target":["https:\/\/verwaltung.uniresta.com\/de\/imprint\/"]}]},{"@type":"BreadcrumbList","@id":"https:\/\/verwaltung.uniresta.com\/de\/imprint\/#breadcrumb","itemListElement":[{"@type":"ListItem","position":1,"name":"Home","item":"https:\/\/verwaltung.uniresta.com\/"},{"@type":"ListItem","position":2,"name":"Imprint"}]},{"@type":"WebSite","@id":"https:\/\/verwaltung.uniresta.com\/#website","url":"https:\/\/verwaltung.uniresta.com\/","name":"Uniresta GmbH","description":"Ihre Hausverwaltung in Frankfurt \u2013 F\u00fcr Mieter, f\u00fcr Immobilien, f\u00fcr Verl\u00e4sslichkeit","publisher":{"@id":"https:\/\/verwaltung.uniresta.com\/#organization"},"potentialAction":[{"@type":"SearchAction","target":{"@type":"EntryPoint","urlTemplate":"https:\/\/verwaltung.uniresta.com\/?s={search_term_string}"},"query-input":"required name=search_term_string"}],"inLanguage":"de"},{"@type":"Organization","@id":"https:\/\/verwaltung.uniresta.com\/#organization","name":"Uniresta GmbH","url":"https:\/\/verwaltung.uniresta.com\/","logo":{"@type":"ImageObject","inLanguage":"de","@id":"https:\/\/verwaltung.uniresta.com\/#\/schema\/logo\/image\/","url":"https:\/\/verwaltung.uniresta.com\/wp-content\/uploads\/2021\/09\/Logo@2x.png","contentUrl":"https:\/\/verwaltung.uniresta.com\/wp-content\/uploads\/2021\/09\/Logo@2x.png","width":839,"height":169,"caption":"Uniresta GmbH"},"image":{"@id":"https:\/\/verwaltung.uniresta.com\/#\/schema\/logo\/image\/"}}]}},"_links":{"self":[{"href":"http:\/\/verwaltung.uniresta.com\/de\/wp-json\/wp\/v2\/pages\/636","targetHints":{"allow":["GET"]}}],"collection":[{"href":"http:\/\/verwaltung.uniresta.com\/de\/wp-json\/wp\/v2\/pages"}],"about":[{"href":"http:\/\/verwaltung.uniresta.com\/de\/wp-json\/wp\/v2\/types\/page"}],"author":[{"embeddable":true,"href":"http:\/\/verwaltung.uniresta.com\/de\/wp-json\/wp\/v2\/users\/1"}],"replies":[{"embeddable":true,"href":"http:\/\/verwaltung.uniresta.com\/de\/wp-json\/wp\/v2\/comments?post=636"}],"version-history":[{"count":10,"href":"http:\/\/verwaltung.uniresta.com\/de\/wp-json\/wp\/v2\/pages\/636\/revisions"}],"predecessor-version":[{"id":1958,"href":"http:\/\/verwaltung.uniresta.com\/de\/wp-json\/wp\/v2\/pages\/636\/revisions\/1958"}],"wp:attachment":[{"href":"http:\/\/verwaltung.uniresta.com\/de\/wp-json\/wp\/v2\/media?parent=636"}],"curies":[{"name":"wp","href":"https:\/\/api.w.org\/{rel}","templated":true}]}}